{"id":148,"date":"2026-02-03T08:42:44","date_gmt":"2026-02-03T08:42:44","guid":{"rendered":"https:\/\/bilety.executiveclub.pl\/?post_type=product&#038;p=148"},"modified":"2026-02-03T08:42:58","modified_gmt":"2026-02-03T08:42:58","slug":"test_agrofood-forum-v-edycja-kopia","status":"publish","type":"product","link":"https:\/\/bilety.executiveclub.pl\/index.php\/produkt\/test_agrofood-forum-v-edycja-kopia\/","title":{"rendered":"TEST_AgroFood Forum &#8211; V Edycja (Kopia)"},"content":{"rendered":"<div class=\"elementor-element elementor-element-d886642 elementor-widget elementor-widget-heading\" data-id=\"d886642\" data-element_type=\"widget\" data-widget_type=\"heading.default\">\n<div class=\"elementor-widget-container\">Co dostajesz w ramach biletu:<\/div>\n<\/div>\n<div class=\"elementor-element elementor-element-f0db271 elementor-align-left elementor-icon-list--layout-traditional elementor-list-item-link-full_width elementor-widget elementor-widget-icon-list\" data-id=\"f0db271\" data-element_type=\"widget\" data-widget_type=\"icon-list.default\">\n<div class=\"elementor-widget-container\">\n<ul class=\"elementor-icon-list-items\">\n<li class=\"elementor-icon-list-item\"><span class=\"elementor-icon-list-text\">Wst\u0119p na konferencj\u0119<\/span><\/li>\n<li class=\"elementor-icon-list-item\"><span class=\"elementor-icon-list-text\">Dost\u0119p do strefy networkingowej<\/span><\/li>\n<li class=\"elementor-icon-list-item\"><span class=\"elementor-icon-list-text\">Dost\u0119p do strefy cateringowej<\/span><\/li>\n<li class=\"elementor-icon-list-item\"><span class=\"elementor-icon-list-text\">Mo\u017cliwo\u015b\u0107 nawi\u0105zania kontakt\u00f3w biznesowych z prelegentami, go\u015b\u0107mi specjalnymi oraz przedstawicielami bran\u017cy<\/span><\/li>\n<\/ul>\n<\/div>\n<\/div>\n","protected":false},"excerpt":{"rendered":"<p>Co dostajesz w ramach biletu: Wst\u0119p na konferencj\u0119 Dost\u0119p do strefy networkingowej Dost\u0119p do strefy cateringowej Mo\u017cliwo\u015b\u0107 nawi\u0105zania kontakt\u00f3w biznesowych z prelegentami, go\u015b\u0107mi specjalnymi oraz przedstawicielami bran\u017cy<\/p>\n","protected":false},"featured_media":120,"template":"","meta":[],"product_brand":[],"product_cat":[16],"product_tag":[],"class_list":{"0":"post-148","1":"product","2":"type-product","3":"status-publish","4":"has-post-thumbnail","6":"product_cat-wydarzenia","8":"first","9":"instock","10":"virtual","11":"taxable","12":"purchasable","13":"product-type-simple"},"_links":{"self":[{"href":"https:\/\/bilety.executiveclub.pl\/index.php\/wp-json\/wp\/v2\/product\/148","targetHints":{"allow":["GET"]}}],"collection":[{"href":"https:\/\/bilety.executiveclub.pl\/index.php\/wp-json\/wp\/v2\/product"}],"about":[{"href":"https:\/\/bilety.executiveclub.pl\/index.php\/wp-json\/wp\/v2\/types\/product"}],"wp:featuredmedia":[{"embeddable":true,"href":"https:\/\/bilety.executiveclub.pl\/index.php\/wp-json\/wp\/v2\/media\/120"}],"wp:attachment":[{"href":"https:\/\/bilety.executiveclub.pl\/index.php\/wp-json\/wp\/v2\/media?parent=148"}],"wp:term":[{"taxonomy":"product_brand","embeddable":true,"href":"https:\/\/bilety.executiveclub.pl\/index.php\/wp-json\/wp\/v2\/product_brand?post=148"},{"taxonomy":"product_cat","embeddable":true,"href":"https:\/\/bilety.executiveclub.pl\/index.php\/wp-json\/wp\/v2\/product_cat?post=148"},{"taxonomy":"product_tag","embeddable":true,"href":"https:\/\/bilety.executiveclub.pl\/index.php\/wp-json\/wp\/v2\/product_tag?post=148"}],"curies":[{"name":"wp","href":"https:\/\/api.w.org\/{rel}","templated":true}]}}